{"id":1261,"date":"2023-07-11T15:50:38","date_gmt":"2023-07-11T15:50:38","guid":{"rendered":"https:\/\/luxedenhotel.vn\/restaurant-bar\/"},"modified":"2024-12-14T11:51:26","modified_gmt":"2024-12-14T11:51:26","slug":"restaurant-bar","status":"publish","type":"page","link":"https:\/\/luxedenhotel.vn\/vi\/restaurant-bar\/","title":{"rendered":"LUXDINE RESTAURANT &#038; BAR"},"content":{"rendered":"<section class=\"wpb-content-wrapper\"><p>[vc_row full_width=&#8221;stretch_row_content_no_spaces&#8221;][vc_column]<div class=\"wb_banner\" style=\"--bg:url(https:\/\/luxedenhotel.vn\/wp-content\/uploads\/2024\/12\/IMGL1738-scaled.jpg)\">\n    <div class=\"overlay\"><\/div>\n    <div class=\"container\">\n        <div class=\"banner_text align-center\">\n            \n<nav class=\"wb-breadcrumb\">Home<\/nav>            <h1 class=\"pagetitle\">LUXDINE RESTAURANT &#038; BAR<\/h1>\n        <\/div>\n    <\/div>\n<\/div>\n[\/vc_column][\/vc_row][vc_row full_width=&#8221;stretch_row_content&#8221; el_class=&#8221;section&#8221;][vc_column][vc_custom_heading text=&#8221;LUXDINE RESTAURANT &amp; WINE BAR &#8211; 10th FLOOR&#8221; font_container=&#8221;tag:p|text_align:center|color:%23494949&#8243; use_theme_fonts=&#8221;yes&#8221; el_class=&#8221;sub_heading text-brown&#8221;][vc_custom_heading text=&#8221;PROMOTION LUNCH &#8211; ROOM SERVICE&#8221; font_container=&#8221;tag:h2|text_align:center&#8221; google_fonts=&#8221;font_family:Alegreya%20SC%3Aregular%2Citalic%2C700%2C700italic%2C900%2C900italic|font_style:400%20regular%3A400%3Anormal&#8221; el_class=&#8221;heading text-black&#8221;][vc_empty_space height=&#8221;24px&#8221;]<div class=\"wb_food_menus\">\n    <div class=\"row\">\n        <div class=\"col-xl-5 col-md-12\">\n            <div class=\"img\">\n                <div class=\"holder\">\n                    <img loading=\"lazy\" decoding=\"async\" width=\"2560\" height=\"1707\" src=\"https:\/\/luxedenhotel.vn\/wp-content\/uploads\/2024\/12\/IMGL1837-1-scaled.jpg\" class=\"attachment-full size-full\" alt=\"\" srcset=\"https:\/\/luxedenhotel.vn\/wp-content\/uploads\/2024\/12\/IMGL1837-1-scaled.jpg 2560w, https:\/\/luxedenhotel.vn\/wp-content\/uploads\/2024\/12\/IMGL1837-1-300x200.jpg 300w, https:\/\/luxedenhotel.vn\/wp-content\/uploads\/2024\/12\/IMGL1837-1-1024x683.jpg 1024w, https:\/\/luxedenhotel.vn\/wp-content\/uploads\/2024\/12\/IMGL1837-1-768x512.jpg 768w, https:\/\/luxedenhotel.vn\/wp-content\/uploads\/2024\/12\/IMGL1837-1-1536x1024.jpg 1536w, https:\/\/luxedenhotel.vn\/wp-content\/uploads\/2024\/12\/IMGL1837-1-2048x1365.jpg 2048w\" sizes=\"auto, (max-width: 2560px) 100vw, 2560px\" \/>                <\/div>\n                <div class=\"icon\">\n                    <i class=\"flaticon-special\"><\/i>\n                <\/div>\n            <\/div>\n        <\/div>\n        <div class=\"col-xl-7 col-md-12\">\n                        <div class=\"foods-wrap\">\n                                    <div class=\"item-wrap\">\n                        <div class=\"item\">\n                            <div class=\"thumb\">\n                            <span class=\"holder\"><img loading=\"lazy\" decoding=\"async\" width=\"150\" height=\"150\" src=\"https:\/\/luxedenhotel.vn\/wp-content\/uploads\/2024\/12\/2024_2_20_638440517809321124_cong-thuc-uc-ga-xao-nam-150x150.jpg\" class=\"attachment-thumbnail size-thumbnail\" alt=\"\" \/><\/span>\n                            <\/div>\n                            <div class=\"detail\">\n                            <p class=\"name\">C\u01a1m g\u00e0 x\u00e0o n\u1ea5m<\/p>\n                            <p class=\"amount\">100,000VND++ (Ch\u1ec9 c\u00f2n 79K + free 1 Tr\u00e0 \u0111\u00e0o cam s\u1ea3)<\/p>\n                            <\/div>\n                        <\/div>\n                    <\/div>\n                                    <div class=\"item-wrap\">\n                        <div class=\"item\">\n                            <div class=\"thumb\">\n                            <span class=\"holder\"><img loading=\"lazy\" decoding=\"async\" width=\"150\" height=\"150\" src=\"https:\/\/luxedenhotel.vn\/wp-content\/uploads\/2024\/12\/original-150x150.jpg\" class=\"attachment-thumbnail size-thumbnail\" alt=\"\" \/><\/span>\n                            <\/div>\n                            <div class=\"detail\">\n                            <p class=\"name\">C\u01a1m Rang Th\u1eadp C\u1ea9m<\/p>\n                            <p class=\"amount\">100,000VND++ (Ch\u1ec9 c\u00f2n 79K + free 1 Tr\u00e0 \u0111\u00e0o cam s\u1ea3)<\/p>\n                            <\/div>\n                        <\/div>\n                    <\/div>\n                                    <div class=\"item-wrap\">\n                        <div class=\"item\">\n                            <div class=\"thumb\">\n                            <span class=\"holder\"><img loading=\"lazy\" decoding=\"async\" width=\"150\" height=\"150\" src=\"https:\/\/luxedenhotel.vn\/wp-content\/uploads\/2024\/12\/download-150x150.jpg\" class=\"attachment-thumbnail size-thumbnail\" alt=\"\" \/><\/span>\n                            <\/div>\n                            <div class=\"detail\">\n                            <p class=\"name\">M\u1ef3 x\u00e0o b\u00f2 <\/p>\n                            <p class=\"amount\">120,000VND++ (Ch\u1ec9 c\u00f2n 79K + free 1 Tr\u00e0 \u0111\u00e0o cam s\u1ea3)<\/p>\n                            <\/div>\n                        <\/div>\n                    <\/div>\n                                    <div class=\"item-wrap\">\n                        <div class=\"item\">\n                            <div class=\"thumb\">\n                            <span class=\"holder\"><img loading=\"lazy\" decoding=\"async\" width=\"150\" height=\"150\" src=\"https:\/\/luxedenhotel.vn\/wp-content\/uploads\/2024\/12\/cach-nau-suon-xao-chua-ngot-150x150.jpg\" class=\"attachment-thumbnail size-thumbnail\" alt=\"\" \/><\/span>\n                            <\/div>\n                            <div class=\"detail\">\n                            <p class=\"name\">C\u01a1m S\u01b0\u1eddn X\u1ed1t Chua Ng\u1ecdt <\/p>\n                            <p class=\"amount\">100,000++ (Ch\u1ec9 c\u00f2n 79K + free 1 Tr\u00e0 \u0111\u00e0o cam s\u1ea3)<\/p>\n                            <\/div>\n                        <\/div>\n                    <\/div>\n                                    <div class=\"item-wrap\">\n                        <div class=\"item\">\n                            <div class=\"thumb\">\n                            <span class=\"holder\"><img loading=\"lazy\" decoding=\"async\" width=\"150\" height=\"150\" src=\"https:\/\/luxedenhotel.vn\/wp-content\/uploads\/2024\/12\/Olga_30MnSpgCarbonara_Hero-Horizontal-Olga-Ivanova-V3-150x150.jpg\" class=\"attachment-thumbnail size-thumbnail\" alt=\"\" \/><\/span>\n                            <\/div>\n                            <div class=\"detail\">\n                            <p class=\"name\">Spaghetti Carborana \/ M\u1ef3 \u00dd s\u1ed1t \u0111\u00f9i g\u00e0<\/p>\n                            <p class=\"amount\">150,000++ (Ch\u1ec9 c\u00f2n 119K + free 1 Tr\u00e0)<\/p>\n                            <\/div>\n                        <\/div>\n                    <\/div>\n                                    <div class=\"item-wrap\">\n                        <div class=\"item\">\n                            <div class=\"thumb\">\n                            <span class=\"holder\"><img loading=\"lazy\" decoding=\"async\" width=\"150\" height=\"150\" src=\"https:\/\/luxedenhotel.vn\/wp-content\/uploads\/2024\/12\/pho-bo-ha-noi-1-150x150.jpg\" class=\"attachment-thumbnail size-thumbnail\" alt=\"\" \/><\/span>\n                            <\/div>\n                            <div class=\"detail\">\n                            <p class=\"name\">Ph\u1edf B\u00f2 <\/p>\n                            <p class=\"amount\">80,000VND++ (M\u00f3n ngon Luxeden) <\/p>\n                            <\/div>\n                        <\/div>\n                    <\/div>\n                                    <div class=\"item-wrap\">\n                        <div class=\"item\">\n                            <div class=\"thumb\">\n                            <span class=\"holder\"><img loading=\"lazy\" decoding=\"async\" width=\"150\" height=\"150\" src=\"https:\/\/luxedenhotel.vn\/wp-content\/uploads\/2024\/12\/com-ga-ca-ri-new-150x150.jpg\" class=\"attachment-thumbnail size-thumbnail\" alt=\"\" \/><\/span>\n                            <\/div>\n                            <div class=\"detail\">\n                            <p class=\"name\">C\u01a1m G\u00e0 Cari <\/p>\n                            <p class=\"amount\">100,000VND++ <\/p>\n                            <\/div>\n                        <\/div>\n                    <\/div>\n                                    <div class=\"item-wrap\">\n                        <div class=\"item\">\n                            <div class=\"thumb\">\n                            <span class=\"holder\"><img loading=\"lazy\" decoding=\"async\" width=\"150\" height=\"150\" src=\"https:\/\/luxedenhotel.vn\/wp-content\/uploads\/2024\/12\/pho-ga-hang-dieu-150x150.webp\" class=\"attachment-thumbnail size-thumbnail\" alt=\"\" \/><\/span>\n                            <\/div>\n                            <div class=\"detail\">\n                            <p class=\"name\">Ph\u1edf G\u00e0<\/p>\n                            <p class=\"amount\">80,000VND++ (M\u00f3n ngon Luxeden) <\/p>\n                            <\/div>\n                        <\/div>\n                    <\/div>\n                                    <div class=\"item-wrap\">\n                        <div class=\"item\">\n                            <div class=\"thumb\">\n                            <span class=\"holder\"><img loading=\"lazy\" decoding=\"async\" width=\"150\" height=\"150\" src=\"https:\/\/luxedenhotel.vn\/wp-content\/uploads\/2024\/12\/banh-xep-han-quoc-nhan-thit-bibigo-goi-350g-_8cb42776a6d14764b3d61f8c4a7f769a-150x150.webp\" class=\"attachment-thumbnail size-thumbnail\" alt=\"\" \/><\/span>\n                            <\/div>\n                            <div class=\"detail\">\n                            <p class=\"name\">B\u00e1nh Mandu Chi\u00ean H\u00e0n Qu\u1ed1c <\/p>\n                            <p class=\"amount\">59,000VND++ (M\u00f3n ngon Luxeden) <\/p>\n                            <\/div>\n                        <\/div>\n                    <\/div>\n                                    <div class=\"item-wrap\">\n                        <div class=\"item\">\n                            <div class=\"thumb\">\n                            <span class=\"holder\"><img loading=\"lazy\" decoding=\"async\" width=\"150\" height=\"150\" src=\"https:\/\/luxedenhotel.vn\/wp-content\/uploads\/2024\/12\/cach-lam-khoai-tay-chien-trong-10-phut-voi-noi-chien-khong-dau-khoai-gion-de-lau-cung-khong-mem-202008191207088100-150x150.jpg\" class=\"attachment-thumbnail size-thumbnail\" alt=\"\" \/><\/span>\n                            <\/div>\n                            <div class=\"detail\">\n                            <p class=\"name\">Khoai T\u00e2y Chi\u00ean <\/p>\n                            <p class=\"amount\">50,000VND++<\/p>\n                            <\/div>\n                        <\/div>\n                    <\/div>\n                                    <div class=\"item-wrap\">\n                        <div class=\"item\">\n                            <div class=\"thumb\">\n                            <span class=\"holder\"><img loading=\"lazy\" decoding=\"async\" width=\"150\" height=\"150\" src=\"https:\/\/luxedenhotel.vn\/wp-content\/uploads\/2024\/12\/IMGL1576-150x150.jpg\" class=\"attachment-thumbnail size-thumbnail\" alt=\"\" \/><\/span>\n                            <\/div>\n                            <div class=\"detail\">\n                            <p class=\"name\">B\u1eefa S\u00e1ng Buffet <\/p>\n                            <p class=\"amount\">200,000VND++\/ Kh\u00e1ch<\/p>\n                            <\/div>\n                        <\/div>\n                    <\/div>\n                                    <div class=\"item-wrap\">\n                        <div class=\"item\">\n                            <div class=\"thumb\">\n                            <span class=\"holder\"><img loading=\"lazy\" decoding=\"async\" width=\"150\" height=\"150\" src=\"https:\/\/luxedenhotel.vn\/wp-content\/uploads\/2024\/12\/d512cab1a689eb7d64d651ba3fd88b64-banh-bao-chien-6-600x375-1-150x150.jpg\" class=\"attachment-thumbnail size-thumbnail\" alt=\"\" \/><\/span>\n                            <\/div>\n                            <div class=\"detail\">\n                            <p class=\"name\">B\u00e1nh Bao Chay Chi\u00ean <\/p>\n                            <p class=\"amount\">50,000VND++ <\/p>\n                            <\/div>\n                        <\/div>\n                    <\/div>\n                \n            <\/div>\n            \n        <\/div>\n    <\/div>\n<\/div>[\/vc_column][\/vc_row][vc_row][vc_column][vc_custom_heading text=&#8221;B\u1eeeA S\u00c1NG BUFFET -T\u1ef0 CH\u1eccN V\u1edaI R\u1ea4T NHI\u1ec0U M\u00d3N NGON, B\u1ed4 D\u01af\u1ee0NG TH\u00ca N\u0102NG L\u01af\u1ee2NG D\u1ed2I D\u00c0O V\u00c0 C\u1ea2M H\u1ee8NG \u0110\u1ec2 QU\u00dd KH\u00c1CH \u0110\u00d3N CH\u00c0O NG\u00c0Y M\u1edaI&#8221; font_container=&#8221;tag:h2|text_align:center|color:%23dbc900&#8243; google_fonts=&#8221;font_family:Alegreya%20SC%3Aregular%2Citalic%2C700%2C700italic%2C900%2C900italic|font_style:400%20regular%3A400%3Anormal&#8221;][\/vc_column][\/vc_row][vc_row][vc_column width=&#8221;1\/2&#8243;][vc_column_text css_animation=&#8221;none&#8221;]<\/p>\n<div class=\"post-markdown flex flex-col gap-4 text-th-primary-dark text-base \">\n<div class=\"whitespace-pre-wrap text-th-primary-dark antialiased break-words \">\n<h3><span style=\"color: #808080;\">NH\u00c0 H\u00c0NG LUXDINE RESTAURANT\u00a0<\/span><\/h3>\n<h3><span style=\"color: #808080;\"> t\u1ea7ng 10 c\u1ee7a kh\u00e1ch s\u1ea1n<\/span><\/h3>\n<p>Ch\u00e0o m\u1eebng Qu\u00fd kh\u00e1ch \u0111\u1ebfn v\u1edbi LUXDINE RESTAURANT, n\u01a1i kh\u1edfi \u0111\u1ea7u ng\u00e0y m\u1edbi tr\u00e0n \u0111\u1ea7y n\u0103ng l\u01b0\u1ee3ng v\u00e0 ni\u1ec1m c\u1ea3m h\u1ee9ng! T\u1ecda l\u1ea1c tr\u00ean t\u1ea7ng 10 c\u1ee7a kh\u00e1ch s\u1ea1n, ch\u00fang t\u00f4i t\u1ef1 h\u00e0o mang \u0111\u1ebfn cho Qu\u00fd kh\u00e1ch m\u1ed9t tr\u1ea3i nghi\u1ec7m \u1ea9m th\u1ef1c \u0111\u1ed9c \u0111\u00e1o v\u1edbi b\u1eefa s\u00e1ng t\u1ef1 ch\u1ecdn phong ph\u00fa.<\/p>\n<p>Nh\u00e0 h\u00e0ng c\u1ee7a ch\u00fang t\u00f4i ph\u1ee5c v\u1ee5 \u0111a d\u1ea1ng c\u00e1c m\u00f3n \u0103n v\u1edbi h\u01b0\u01a1ng v\u1ecb \u0111\u1eb7c tr\u01b0ng t\u1eeb ch\u00e2u \u00c2u, Vi\u1ec7t Nam v\u00e0 ch\u00e2u \u00c1. Th\u1ef1c \u0111\u01a1n thay \u0111\u1ed5i h\u00e0ng ng\u00e0y s\u1ebd gi\u00fap Qu\u00fd kh\u00e1ch lu\u00f4n c\u1ea3m th\u1ea5y m\u1edbi m\u1ebb v\u00e0 th\u00edch th\u00fa, nh\u01b0 \u0111ang \u1edf ch\u00ednh ng\u00f4i nh\u00e0 c\u1ee7a m\u00ecnh, \u0111\u01b0\u1ee3c ch\u0103m s\u00f3c t\u1eadn t\u00ecnh b\u1edfi \u0111\u1ed9i ng\u0169 nh\u00e2n vi\u00ean chuy\u00ean nghi\u1ec7p, nhi\u1ec7t t\u00ecnh v\u00e0 gi\u00e0u kinh nghi\u1ec7m.<\/p>\n<p>Ngo\u00e0i b\u1eefa s\u00e1ng t\u1ef1 ch\u1ecdn, Qu\u00fd kh\u00e1ch c\u00f2n c\u00f3 th\u1ec3 kh\u00e1m ph\u00e1 c\u00e1c m\u00f3n \u0103n t\u1eeb th\u1ef1c \u0111\u01a1n Ala Carte ho\u1eb7c th\u01b0\u1edfng th\u1ee9c b\u1eefa \u0103n ngay trong ph\u00f2ng ngh\u1ec9 c\u1ee7a m\u00ecnh. \u0110\u1eebng qu\u00ean gh\u00e9 th\u0103m qu\u1ea7y bar \u0111\u1ec3 th\u01b0\u1edfng th\u1ee9c \u0111\u1ed3 u\u1ed1ng th\u01a1m ngon, \u0111\u1ed3ng th\u1eddi ng\u1eafm nh\u00ecn to\u00e0n c\u1ea3nh th\u00e0nh ph\u1ed1 trong kh\u00f4ng kh\u00ed vui v\u1ebb, nh\u1eb9 nh\u00e0ng v\u1edbi nh\u1eefng giai \u0111i\u1ec7u du d\u01b0\u01a1ng.<\/p>\n<p>Ch\u00fang t\u00f4i r\u1ea5t mong \u0111\u01b0\u1ee3c ph\u1ee5c v\u1ee5 Qu\u00fd kh\u00e1ch v\u00e0 mang l\u1ea1i nh\u1eefng tr\u1ea3i nghi\u1ec7m \u1ea9m th\u1ef1c tuy\u1ec7t v\u1eddi nh\u1ea5t trong su\u1ed1t th\u1eddi gian l\u01b0u tr\u00fa t\u1ea1i kh\u00e1ch s\u1ea1n!<\/p>\n<\/div>\n<\/div>\n<p>[\/vc_column_text][\/vc_column][vc_column width=&#8221;1\/2&#8243;][vc_video link=&#8221;https:\/\/youtu.be\/mpaQw78hZyw&#8221; align=&#8221;center&#8221; title=&#8221;LUXDINE RESTAURANT &amp; BAR&#8221;][\/vc_column][\/vc_row][vc_row full_height=&#8221;yes&#8221; content_placement=&#8221;middle&#8221;][vc_column][vc_gallery type=&#8221;flexslider_slide&#8221; interval=&#8221;15&#8243; images=&#8221;1598,1601,1604,1607,1610,1613,1616,1619,1622,1625,1628,1631,1594&#8243; img_size=&#8221;large&#8221; css_animation=&#8221;appear&#8221; title=&#8221;Various delicacies&#8221;][vc_single_image image=&#8221;1580&#8243; img_size=&#8221;large&#8221; alignment=&#8221;center&#8221; style=&#8221;vc_box_shadow_border&#8221; onclick=&#8221;zoom&#8221;][vc_single_image image=&#8221;1583&#8243; img_size=&#8221;large&#8221; alignment=&#8221;center&#8221; style=&#8221;vc_box_shadow_border&#8221; onclick=&#8221;zoom&#8221;][\/vc_column][vc_column css_animation=&#8221;zoomIn&#8221;][\/vc_column][\/vc_row]<\/p>\n<\/section>","protected":false},"excerpt":{"rendered":"<p>[vc_row full_width=&#8221;stretch_row_content_no_spaces&#8221;][vc_column][\/vc_column][\/vc_row][vc_row full_width=&#8221;stretch_row_content&#8221; el_class=&#8221;section&#8221;][vc_column][vc_custom_heading text=&#8221;LUXDINE RESTAURANT &amp; WINE BAR &#8211; 10th FLOOR&#8221; font_container=&#8221;tag:p|text_align:center|color:%23494949&#8243; use_theme_fonts=&#8221;yes&#8221; el_class=&#8221;sub_heading text-brown&#8221;][vc_custom_heading text=&#8221;PROMOTION LUNCH &#8211; ROOM&#8230;<\/p>\n","protected":false},"author":1,"featured_media":1484,"parent":0,"menu_order":0,"comment_status":"closed","ping_status":"closed","template":"","meta":{"footnotes":""},"class_list":["post-1261","page","type-page","status-publish","has-post-thumbnail","hentry"],"acf":[],"_links":{"self":[{"href":"https:\/\/luxedenhotel.vn\/vi\/wp-json\/wp\/v2\/pages\/1261","targetHints":{"allow":["GET"]}}],"collection":[{"href":"https:\/\/luxedenhotel.vn\/vi\/wp-json\/wp\/v2\/pages"}],"about":[{"href":"https:\/\/luxedenhotel.vn\/vi\/wp-json\/wp\/v2\/types\/page"}],"author":[{"embeddable":true,"href":"https:\/\/luxedenhotel.vn\/vi\/wp-json\/wp\/v2\/users\/1"}],"replies":[{"embeddable":true,"href":"https:\/\/luxedenhotel.vn\/vi\/wp-json\/wp\/v2\/comments?post=1261"}],"version-history":[{"count":52,"href":"https:\/\/luxedenhotel.vn\/vi\/wp-json\/wp\/v2\/pages\/1261\/revisions"}],"predecessor-version":[{"id":1652,"href":"https:\/\/luxedenhotel.vn\/vi\/wp-json\/wp\/v2\/pages\/1261\/revisions\/1652"}],"wp:featuredmedia":[{"embeddable":true,"href":"https:\/\/luxedenhotel.vn\/vi\/wp-json\/wp\/v2\/media\/1484"}],"wp:attachment":[{"href":"https:\/\/luxedenhotel.vn\/vi\/wp-json\/wp\/v2\/media?parent=1261"}],"curies":[{"name":"wp","href":"https:\/\/api.w.org\/{rel}","templated":true}]}}